{"id":5955,"date":"2017-09-16T16:51:49","date_gmt":"2017-09-16T15:51:49","guid":{"rendered":"http:\/\/www.operapoint.com\/?page_id=5955"},"modified":"2021-03-29T10:05:07","modified_gmt":"2021-03-29T09:05:07","slug":"verein-2","status":"publish","type":"page","link":"http:\/\/www.operapoint.com\/?page_id=5955","title":{"rendered":"Verein"},"content":{"rendered":"<p>Der 1981 gegr\u00fcndete gemeinn\u00fctzige <span style=\"color: #0000ff;\"><em><strong>Verein zur Pflege klassischer Musik durch Musikliebhaber e.V., K\u00f6ln<\/strong> <\/em><\/span>ist ein Zusammenschlu\u00df von Musikliebhabern, Amateur- und Berufsmusikern.<\/p>\n<p>Unser Ziel ist<\/p>\n<p><img decoding=\"async\" title=\"Vereinslogo\" src=\"http:\/\/operapoint.com\/img\/02_verein.jpg\" alt=\"Vereinslogo\" align=\"right\" \/><\/p>\n<ul>\n<li>das Wissen in der klassischen Musik durch Opernseminare und Konzerteinf\u00fchrungen in Form, Inhalt und Aufbau der Kompositionen zu vermehren und zu verbessern,<\/li>\n<li>das Wissen so zu vermitteln, da\u00df auch der Musiklaie alles versteht,<\/li>\n<li>vorhandenes Interesse zu nutzen, und dieses Interesse in eine konkrete und nutzbare Form zu \u00fcberf\u00fchren, kurz: aus inaktive aktiven Musikliebhaber zu machen.<\/li>\n<\/ul>\n<h2><span style=\"color: #0000ff;\">Focus Musik, Matinee (Arcadia)<br \/>\n<\/span><\/h2>\n<p><a href=\"http:\/\/www.operapoint.com\/wp-content\/uploads\/2014\/10\/salon-versailles-2.jpg\"><img loading=\"lazy\" decoding=\"async\" class=\"alignright size-full wp-image-5936\" src=\"http:\/\/www.operapoint.com\/wp-content\/uploads\/2014\/10\/salon-versailles-2.jpg\" alt=\"salon-versailles-2\" width=\"549\" height=\"274\" srcset=\"http:\/\/www.operapoint.com\/wp-content\/uploads\/2014\/10\/salon-versailles-2.jpg 549w, http:\/\/www.operapoint.com\/wp-content\/uploads\/2014\/10\/salon-versailles-2-300x149.jpg 300w\" sizes=\"auto, (max-width: 549px) 100vw, 549px\" \/><\/a>Musik h\u00f6ren ist leicht. Jeder von uns h\u00f6rt Musik. Manchmal sogar lauschen wir der Musik, h\u00f6ren sie also nicht nur nebenbei, w\u00e4hrend wir uns eigentlich mit anderen Dingen besch\u00e4ftigen.<br \/>\nWenn wir der Musik aufmerksam zuh\u00f6ren, lernen wir sie besser verstehen, begreifen ihren Aufbau, erkennen, wie sich eins aus dem anderen entwickelt.<\/p>\n<p>Die meisten Menschen haben eine gro\u00dfe Scheu \u00fcber das, was sie im Konzert oder in der Oper geh\u00f6rt haben offen zu sprechen.<br \/>\nMehrmals im Jahr treffen sich Mitglieder des Vereins zur Pflege klassischer Musik und musikinteressierte G\u00e4ste in Gruppen von 8-10 Personen zu FocusMusik. Gemeinsam h\u00f6ren wir uns ein Musikst\u00fcck an und sprechen dar\u00fcber.<\/p>\n<p>Als Vorbild zu FocusMusik dienen uns die Salons des 18. und 19. Jahrhunderts, in denen im geselligen Kreis \u00fcber Musik, Literatur und bildende K\u00fcnste gesprochen wurde.<br \/>\nDer gemeinn\u00fctzige Verein zur Pflege klassischer Musik durch Musikliebhaber e. V. bietet Seminare f\u00fcr gemeinsame Konzert- und Opernbesuche an.<\/p>\n<p>Haben Sie Interesse? Wenden Sie sich bitte schriftlich (per E-Mail oder per Post) sowie telefonisch in den \u00fcblichen B\u00fcrozeiten an uns.<br \/>\n<strong><br \/>\nADRESSE<\/strong>: Verein zur Pflege klass. Musik, Schwabenstr. 3, 50996 K\u00f6ln<br \/>\nTel: 0221\/353944, Fax 0221\/396714, E-Mail: verein@operapoint.de<\/p>\n<p><strong><span style=\"color: #0000ff;\">Mitgliedschaft: Jahresbeitrag: Einzelperson: \u20ac 39,-; Paare: \u20ac 53,-<\/span><\/strong><\/p>\n<p>&nbsp;<\/p>\n<p>&nbsp;<\/p>\n<p>&nbsp;<\/p>\n<p>&nbsp;<\/p>\n","protected":false},"excerpt":{"rendered":"<p>Der 1981 gegr\u00fcndete gemeinn\u00fctzige Verein zur Pflege klassischer Musik durch Musikliebhaber e.V., K\u00f6ln ist ein Zusammenschlu\u00df von Musikliebhabern, Amateur- und Berufsmusikern. Unser Ziel ist das Wissen in der klassischen Musik durch Opernseminare und Konzerteinf\u00fchrungen in Form, Inhalt und Aufbau der<span class=\"ellipsis\">&hellip;<\/span><\/p>\n<div class=\"read-more\"><a href=\"http:\/\/www.operapoint.com\/?page_id=5955\">Weiterlesen \u203a<\/a><\/div>\n<p><!-- end of .read-more --><\/p>\n","protected":false},"author":1,"featured_media":0,"parent":0,"menu_order":0,"comment_status":"closed","ping_status":"open","template":"","meta":{"footnotes":""},"class_list":["post-5955","page","type-page","status-publish","hentry"],"_links":{"self":[{"href":"http:\/\/www.operapoint.com\/index.php?rest_route=\/wp\/v2\/pages\/5955","targetHints":{"allow":["GET"]}}],"collection":[{"href":"http:\/\/www.operapoint.com\/index.php?rest_route=\/wp\/v2\/pages"}],"about":[{"href":"http:\/\/www.operapoint.com\/index.php?rest_route=\/wp\/v2\/types\/page"}],"author":[{"embeddable":true,"href":"http:\/\/www.operapoint.com\/index.php?rest_route=\/wp\/v2\/users\/1"}],"replies":[{"embeddable":true,"href":"http:\/\/www.operapoint.com\/index.php?rest_route=%2Fwp%2Fv2%2Fcomments&post=5955"}],"version-history":[{"count":8,"href":"http:\/\/www.operapoint.com\/index.php?rest_route=\/wp\/v2\/pages\/5955\/revisions"}],"predecessor-version":[{"id":8142,"href":"http:\/\/www.operapoint.com\/index.php?rest_route=\/wp\/v2\/pages\/5955\/revisions\/8142"}],"wp:attachment":[{"href":"http:\/\/www.operapoint.com\/index.php?rest_route=%2Fwp%2Fv2%2Fmedia&parent=5955"}],"curies":[{"name":"wp","href":"https:\/\/api.w.org\/{rel}","templated":true}]}}