{"id":5953,"date":"2017-09-17T16:51:08","date_gmt":"2017-09-17T15:51:08","guid":{"rendered":"http:\/\/www.operapoint.com\/?page_id=5953"},"modified":"2026-03-01T15:29:00","modified_gmt":"2026-03-01T14:29:00","slug":"orgelkonzert","status":"publish","type":"page","link":"http:\/\/www.operapoint.com\/?page_id=5953","title":{"rendered":"Orgelkonzert"},"content":{"rendered":"<h1><\/h1>\n<h1 style=\"text-align: center;\"><span style=\"color: #0000ff;\">Kirche am Rockenhof, Hamburg<\/span><\/h1>\n<h2 style=\"text-align: center;\"><span style=\"color: #0000ff;\"><strong>Dienstag \u2013 7. April 2026 &#8211; 19 Uhr<\/strong><\/span><\/h2>\n<h3 style=\"text-align: center;\" align=\"center\"><span style=\"color: #666699;\"><em><strong>Er\u00f6ffnungskonzert Prof. Christoph Schoener<\/strong><\/em><\/span><\/h3>\n<blockquote>\n<p style=\"text-align: center;\"><strong><em>50. Interpretationsseminar f\u00fcr nicht hauptberuflich t\u00e4tige Organisten<\/em><\/strong><\/p>\n<\/blockquote>\n<h1 style=\"text-align: center;\"><span style=\"color: #0000ff;\">Kirche St. Johannis Harvestehude , Hamburg<\/span><\/h1>\n<h2 style=\"text-align: center;\"><span style=\"color: #0000ff;\"><strong>Freitag \u2013 10. April 2026 &#8211; 19 Uhr<\/strong><\/span><\/h2>\n<h3 align=\"center\"><em><strong>Teilnehmerkonzert\u00a0<\/strong><\/em><\/h3>\n<blockquote>\n<p style=\"text-align: center;\"><strong><em>50. Interpretationsseminar f\u00fcr nicht hauptberuflich t\u00e4tige Organisten<\/em><\/strong><\/p>\n<\/blockquote>\n<h4 style=\"text-align: center;\">An der Orgel: Kursteilnehmer<\/h4>\n<p>Die Orgelkonzerte sind eine Veranstaltung von <em>der GDO<\/em> <em>und dem Verein zur Pflege klassischer Musik.<\/em><\/p>\n<p>&nbsp;<\/p>\n<h5 style=\"text-align: left;\" align=\"center\"><\/h5>\n<h6><\/h6>\n<h1><span style=\"color: #3366ff;\">\u00a0<\/span><\/h1>\n<h2><\/h2>\n<p align=\"center\"><strong>\u00a0<\/strong><\/p>\n<h2><\/h2>\n<h2><\/h2>\n<p align=\"center\"><strong>\u00a0<\/strong><\/p>\n<h2><\/h2>\n<h2><\/h2>\n<h2><\/h2>\n<h2><\/h2>\n<p><span style=\"color: #ff0000;\">\u00a0<\/span><\/p>\n<h3><\/h3>\n<p>&nbsp;<\/p>\n<p style=\"text-align: left;\" align=\"center\">\/em<\/p>\n","protected":false},"excerpt":{"rendered":"<p>Kirche am Rockenhof, Hamburg Dienstag \u2013 7. April 2026 &#8211; 19 Uhr Er\u00f6ffnungskonzert Prof. Christoph Schoener 50. Interpretationsseminar f\u00fcr nicht hauptberuflich t\u00e4tige Organisten Kirche St. Johannis Harvestehude , Hamburg Freitag \u2013 10. April 2026 &#8211; 19 Uhr Teilnehmerkonzert\u00a0 50. Interpretationsseminar<span class=\"ellipsis\">&hellip;<\/span><\/p>\n<div class=\"read-more\"><a href=\"http:\/\/www.operapoint.com\/?page_id=5953\">Weiterlesen \u203a<\/a><\/div>\n<p><!-- end of .read-more --><\/p>\n","protected":false},"author":1,"featured_media":0,"parent":0,"menu_order":0,"comment_status":"closed","ping_status":"open","template":"","meta":{"footnotes":""},"class_list":["post-5953","page","type-page","status-publish","hentry"],"_links":{"self":[{"href":"http:\/\/www.operapoint.com\/index.php?rest_route=\/wp\/v2\/pages\/5953","targetHints":{"allow":["GET"]}}],"collection":[{"href":"http:\/\/www.operapoint.com\/index.php?rest_route=\/wp\/v2\/pages"}],"about":[{"href":"http:\/\/www.operapoint.com\/index.php?rest_route=\/wp\/v2\/types\/page"}],"author":[{"embeddable":true,"href":"http:\/\/www.operapoint.com\/index.php?rest_route=\/wp\/v2\/users\/1"}],"replies":[{"embeddable":true,"href":"http:\/\/www.operapoint.com\/index.php?rest_route=%2Fwp%2Fv2%2Fcomments&post=5953"}],"version-history":[{"count":33,"href":"http:\/\/www.operapoint.com\/index.php?rest_route=\/wp\/v2\/pages\/5953\/revisions"}],"predecessor-version":[{"id":8733,"href":"http:\/\/www.operapoint.com\/index.php?rest_route=\/wp\/v2\/pages\/5953\/revisions\/8733"}],"wp:attachment":[{"href":"http:\/\/www.operapoint.com\/index.php?rest_route=%2Fwp%2Fv2%2Fmedia&parent=5953"}],"curies":[{"name":"wp","href":"https:\/\/api.w.org\/{rel}","templated":true}]}}