{"id":5951,"date":"2017-02-10T16:50:28","date_gmt":"2017-02-10T15:50:28","guid":{"rendered":"http:\/\/www.operapoint.com\/?page_id=5951"},"modified":"2026-03-01T15:41:46","modified_gmt":"2026-03-01T14:41:46","slug":"opernreisen-2","status":"publish","type":"page","link":"http:\/\/www.operapoint.com\/?page_id=5951","title":{"rendered":"Opernreisen"},"content":{"rendered":"<h2><strong><span style=\"color: #0000ff;\">Opern-Kunst-Studien-Reisen im Herbst 2026<\/span><\/strong><\/h2>\n<p><a href=\"http:\/\/www.operapoint.com\/wp-content\/uploads\/2023\/03\/Teatro-Comunale-di-Bologna-.jpg\"><img loading=\"lazy\" decoding=\"async\" class=\"alignright size-full wp-image-8371\" src=\"http:\/\/www.operapoint.com\/wp-content\/uploads\/2023\/03\/Teatro-Comunale-di-Bologna-.jpg\" alt=\"\" width=\"434\" height=\"303\" srcset=\"http:\/\/www.operapoint.com\/wp-content\/uploads\/2023\/03\/Teatro-Comunale-di-Bologna-.jpg 434w, http:\/\/www.operapoint.com\/wp-content\/uploads\/2023\/03\/Teatro-Comunale-di-Bologna--300x209.jpg 300w\" sizes=\"auto, (max-width: 434px) 100vw, 434px\" \/><\/a><\/p>\n<p>&nbsp;<\/p>\n<p><b>Hinweise: Wir planen im Herbst!<br \/>\n<\/b>Bei unseren Exklusiv Opern-Studien-Reisen legen wir gr\u00f6\u00dften Wert auf individuelle Betreuung der G\u00e4ste. Aus diesem Grund beschr\u00e4nken wir die Teilnehmerzahl auf max. 15 Personen.<\/p>\n<p>&nbsp;<\/p>\n<p><b>Hinweis zu den Reisen<br \/>\n<\/b><\/p>\n<p>Viersternehotel mit Fr\u00fchst\u00fcck, 1x HP, Stadtf\u00fchrung, Eintrittskarten sehr guter, guter Kategorie (Hotels wurden sorgf\u00e4ltig auf Lage\/Komfort \u00fcberpr\u00fcft).<\/p>\n<p><b>Anmeldung: Verein zur Pflege klass. Musik e.V., Schwabenstr. 3, 50996 K\u00f6ln <\/b><\/p>\n<p>Tel: 0221\/353944, Fax 0221\/396714, E-Mail: <a href=\"mailto:verein@operapoint.de\">verein@operapoint.de<\/a><\/p>\n<p>Bild: Teatro Comunale di Bologna, Wikipedia<\/p>\n<p>&nbsp;<\/p>\n<p>&nbsp;<\/p>\n<p>&nbsp;<\/p>\n<p>&nbsp;<\/p>\n","protected":false},"excerpt":{"rendered":"<p>Opern-Kunst-Studien-Reisen im Herbst 2026 &nbsp; Hinweise: Wir planen im Herbst! Bei unseren Exklusiv Opern-Studien-Reisen legen wir gr\u00f6\u00dften Wert auf individuelle Betreuung der G\u00e4ste. Aus diesem Grund beschr\u00e4nken wir die Teilnehmerzahl auf max. 15 Personen. &nbsp; Hinweis zu den Reisen Viersternehotel<span class=\"ellipsis\">&hellip;<\/span><\/p>\n<div class=\"read-more\"><a href=\"http:\/\/www.operapoint.com\/?page_id=5951\">Weiterlesen \u203a<\/a><\/div>\n<p><!-- end of .read-more --><\/p>\n","protected":false},"author":1,"featured_media":0,"parent":0,"menu_order":0,"comment_status":"closed","ping_status":"open","template":"","meta":{"footnotes":""},"class_list":["post-5951","page","type-page","status-publish","hentry"],"_links":{"self":[{"href":"http:\/\/www.operapoint.com\/index.php?rest_route=\/wp\/v2\/pages\/5951","targetHints":{"allow":["GET"]}}],"collection":[{"href":"http:\/\/www.operapoint.com\/index.php?rest_route=\/wp\/v2\/pages"}],"about":[{"href":"http:\/\/www.operapoint.com\/index.php?rest_route=\/wp\/v2\/types\/page"}],"author":[{"embeddable":true,"href":"http:\/\/www.operapoint.com\/index.php?rest_route=\/wp\/v2\/users\/1"}],"replies":[{"embeddable":true,"href":"http:\/\/www.operapoint.com\/index.php?rest_route=%2Fwp%2Fv2%2Fcomments&post=5951"}],"version-history":[{"count":47,"href":"http:\/\/www.operapoint.com\/index.php?rest_route=\/wp\/v2\/pages\/5951\/revisions"}],"predecessor-version":[{"id":8736,"href":"http:\/\/www.operapoint.com\/index.php?rest_route=\/wp\/v2\/pages\/5951\/revisions\/8736"}],"wp:attachment":[{"href":"http:\/\/www.operapoint.com\/index.php?rest_route=%2Fwp%2Fv2%2Fmedia&parent=5951"}],"curies":[{"name":"wp","href":"https:\/\/api.w.org\/{rel}","templated":true}]}}