{"id":5949,"date":"2017-09-15T16:49:35","date_gmt":"2017-09-15T15:49:35","guid":{"rendered":"http:\/\/www.operapoint.com\/?page_id=5949"},"modified":"2026-03-01T15:35:50","modified_gmt":"2026-03-01T14:35:50","slug":"impressum-2","status":"publish","type":"page","link":"http:\/\/www.operapoint.com\/?page_id=5949","title":{"rendered":"Impressum"},"content":{"rendered":"<p><span style=\"color: #0000ff;\">Verein zur Pflege klassischer Musik durch Musikliebhaber e.V.<\/span><br \/>\nSchwabenstr. 3<br \/>\n50996 K\u00f6ln<\/p>\n<p>Tel.: 0221 &#8211; 353944<br \/>\nFax.: 0221 &#8211; 396714<br \/>\nE-Mail: <span style=\"color: #0000ff;\">verein@operapoint.de<\/span><br \/>\n<script type=\"mce-text\/javascript\">\/\/ <![CDATA[ makeMailLink(\"verein\",\"operapoint\",\"de\") \/\/ ]]><\/script><br \/>\n<a href=\"http:\/\/www.operapoint.de\/\" target=\"_top\">www.operapoint.de<\/a> und <a href=\"http:\/\/www.operapoint.de\/\" target=\"_top\">www.operapoint.com<\/a><\/p>\n<p>Verantwortlich f\u00fcr den Inhalt: Vorstand<br \/>\nGr\u00fcndungsjahr des Vereins: 1981<\/p>\n<p>Haftungshinweis:<br \/>\nTrotz sorgf\u00e4ltiger inhaltlicher Kontrolle \u00fcbernehmen wir keine Haftung f\u00fcr die Inhalte externer Links. F\u00fcr den Inhalt der verlinkten Seiten sind ausschlie\u00dflich deren Betreiber verantwortlich.<\/p>\n","protected":false},"excerpt":{"rendered":"<p>Verein zur Pflege klassischer Musik durch Musikliebhaber e.V. Schwabenstr. 3 50996 K\u00f6ln Tel.: 0221 &#8211; 353944 Fax.: 0221 &#8211; 396714 E-Mail: verein@operapoint.de www.operapoint.de und www.operapoint.com Verantwortlich f\u00fcr den Inhalt: Vorstand Gr\u00fcndungsjahr des Vereins: 1981 Haftungshinweis: Trotz sorgf\u00e4ltiger inhaltlicher Kontrolle \u00fcbernehmen<span class=\"ellipsis\">&hellip;<\/span><\/p>\n<div class=\"read-more\"><a href=\"http:\/\/www.operapoint.com\/?page_id=5949\">Weiterlesen \u203a<\/a><\/div>\n<p><!-- end of .read-more --><\/p>\n","protected":false},"author":1,"featured_media":0,"parent":0,"menu_order":0,"comment_status":"closed","ping_status":"open","template":"","meta":{"footnotes":""},"class_list":["post-5949","page","type-page","status-publish","hentry"],"_links":{"self":[{"href":"http:\/\/www.operapoint.com\/index.php?rest_route=\/wp\/v2\/pages\/5949","targetHints":{"allow":["GET"]}}],"collection":[{"href":"http:\/\/www.operapoint.com\/index.php?rest_route=\/wp\/v2\/pages"}],"about":[{"href":"http:\/\/www.operapoint.com\/index.php?rest_route=\/wp\/v2\/types\/page"}],"author":[{"embeddable":true,"href":"http:\/\/www.operapoint.com\/index.php?rest_route=\/wp\/v2\/users\/1"}],"replies":[{"embeddable":true,"href":"http:\/\/www.operapoint.com\/index.php?rest_route=%2Fwp%2Fv2%2Fcomments&post=5949"}],"version-history":[{"count":4,"href":"http:\/\/www.operapoint.com\/index.php?rest_route=\/wp\/v2\/pages\/5949\/revisions"}],"predecessor-version":[{"id":8735,"href":"http:\/\/www.operapoint.com\/index.php?rest_route=\/wp\/v2\/pages\/5949\/revisions\/8735"}],"wp:attachment":[{"href":"http:\/\/www.operapoint.com\/index.php?rest_route=%2Fwp%2Fv2%2Fmedia&parent=5949"}],"curies":[{"name":"wp","href":"https:\/\/api.w.org\/{rel}","templated":true}]}}