{"id":1003,"date":"2017-09-15T03:01:14","date_gmt":"2017-09-15T02:01:14","guid":{"rendered":"http:\/\/www.operapoint.com\/?page_id=1003"},"modified":"2021-12-15T18:14:33","modified_gmt":"2021-12-15T17:14:33","slug":"spenden","status":"publish","type":"page","link":"http:\/\/www.operapoint.com\/?page_id=1003","title":{"rendered":"Spenden"},"content":{"rendered":"<h2><em><span style=\"color: #ff0000;\">Klassische Musik f\u00f6rdern- Steuern sparen!<\/span><\/em><\/h2>\n<p><a href=\"http:\/\/www.operapoint.com\/wp-content\/uploads\/2014\/02\/Karlsruhe-R_Primo_1.jpg\"><img loading=\"lazy\" decoding=\"async\" class=\"alignright size-full wp-image-5528\" src=\"http:\/\/www.operapoint.com\/wp-content\/uploads\/2014\/02\/Karlsruhe-R_Primo_1.jpg\" alt=\"Karlsruhe R_Primo_1\" width=\"638\" height=\"319\" srcset=\"http:\/\/www.operapoint.com\/wp-content\/uploads\/2014\/02\/Karlsruhe-R_Primo_1.jpg 638w, http:\/\/www.operapoint.com\/wp-content\/uploads\/2014\/02\/Karlsruhe-R_Primo_1-300x150.jpg 300w\" sizes=\"auto, (max-width: 638px) 100vw, 638px\" \/><\/a>Wir sind ein gemeinn\u00fctziger Verein <em>(<span style=\"color: #0000ff;\">Verein zur Pflege klassischer Musik durch Musikliebhaber e.V. K\u00f6ln<\/span>)<\/em>.<\/p>\n<p>Seit 35 Jahren\u00a0 unterst\u00fctzen wir\u00a0 notleidende Studenten und K\u00fcnstler, die momentan keine Arbeit haben.<\/p>\n<p>Liebe Leser,<br \/>\nwir arbeiten alle ehrenamtlich mit viel Herzblut, Engagement und Idealismus.\u00a0 Bitte helfen Sie mit einer Spende, damit <span style=\"color: #3366ff;\"><strong>die sch\u00f6ne klassische Musik in dieser Welt weiter lebt!<\/strong><\/span><\/p>\n<p>Herzlichen Dank!<\/p>\n<p>Ihre Spenden werden steuerlich vom <span style=\"color: #ff0000;\">Finanzamt K\u00f6ln-S\u00fcd<\/span> anerkannt (Spendenbescheinigung).<\/p>\n<p><span style=\"color: #ff0000;\">Spendenkonto: Sie werden sofort Ihre Spendenbescheinigung erhalten.<\/span><\/p>\n<p>IBAN: DE26 3006 0601 0102 1531 06<\/p>\n<p>BIC: DAAEDEDDXXX<\/p>\n<p>Deutsche Apotheker und \u00c4rztebank<\/p>\n<p>Szenenbild von\u00a0 &#8222;Riccardo Primo&#8220; Oper von Friedrich H\u00e4ndel, Karlsruhe (H\u00e4ndelfestspiele 2014)<\/p>\n<p>&nbsp;<\/p>\n","protected":false},"excerpt":{"rendered":"<p>Klassische Musik f\u00f6rdern- Steuern sparen! Wir sind ein gemeinn\u00fctziger Verein (Verein zur Pflege klassischer Musik durch Musikliebhaber e.V. K\u00f6ln). Seit 35 Jahren\u00a0 unterst\u00fctzen wir\u00a0 notleidende Studenten und K\u00fcnstler, die momentan keine Arbeit haben. Liebe Leser, wir arbeiten alle ehrenamtlich mit<span class=\"ellipsis\">&hellip;<\/span><\/p>\n<div class=\"read-more\"><a href=\"http:\/\/www.operapoint.com\/?page_id=1003\">Weiterlesen \u203a<\/a><\/div>\n<p><!-- end of .read-more --><\/p>\n","protected":false},"author":1,"featured_media":0,"parent":0,"menu_order":0,"comment_status":"closed","ping_status":"open","template":"","meta":{"footnotes":""},"class_list":["post-1003","page","type-page","status-publish","hentry"],"_links":{"self":[{"href":"http:\/\/www.operapoint.com\/index.php?rest_route=\/wp\/v2\/pages\/1003","targetHints":{"allow":["GET"]}}],"collection":[{"href":"http:\/\/www.operapoint.com\/index.php?rest_route=\/wp\/v2\/pages"}],"about":[{"href":"http:\/\/www.operapoint.com\/index.php?rest_route=\/wp\/v2\/types\/page"}],"author":[{"embeddable":true,"href":"http:\/\/www.operapoint.com\/index.php?rest_route=\/wp\/v2\/users\/1"}],"replies":[{"embeddable":true,"href":"http:\/\/www.operapoint.com\/index.php?rest_route=%2Fwp%2Fv2%2Fcomments&post=1003"}],"version-history":[{"count":22,"href":"http:\/\/www.operapoint.com\/index.php?rest_route=\/wp\/v2\/pages\/1003\/revisions"}],"predecessor-version":[{"id":8253,"href":"http:\/\/www.operapoint.com\/index.php?rest_route=\/wp\/v2\/pages\/1003\/revisions\/8253"}],"wp:attachment":[{"href":"http:\/\/www.operapoint.com\/index.php?rest_route=%2Fwp%2Fv2%2Fmedia&parent=1003"}],"curies":[{"name":"wp","href":"https:\/\/api.w.org\/{rel}","templated":true}]}}